{"id":275,"date":"2022-05-23T11:09:46","date_gmt":"2022-05-23T11:09:46","guid":{"rendered":"http:\/\/dummy.xtemos.com\/woodmart2\/megamarket-elementor\/?page_id=275"},"modified":"2026-04-14T19:57:26","modified_gmt":"2026-04-14T19:57:26","slug":"sobre-nos","status":"publish","type":"page","link":"https:\/\/nestambientes.com.br\/?page_id=275","title":{"rendered":"Sobre N\u00f3s"},"content":{"rendered":"\t\t<div data-elementor-type=\"wp-page\" data-elementor-id=\"275\" class=\"elementor elementor-275\">\n\t\t\t\t<div class=\"wd-negative-gap elementor-element elementor-element-b9b6a90 e-flex e-con-boxed e-con e-parent\" data-id=\"b9b6a90\" data-element_type=\"container\" data-e-type=\"container\">\n\t\t\t\t\t<div class=\"e-con-inner\">\n\t\t<div class=\"elementor-element elementor-element-9cbcb1a e-con-full e-flex e-con e-child\" data-id=\"9cbcb1a\" data-element_type=\"container\" data-e-type=\"container\">\n\t\t\t\t<div class=\"elementor-element elementor-element-27806e0 wd-width-100 elementor-widget elementor-widget-wd_title\" data-id=\"27806e0\" data-element_type=\"widget\" data-e-type=\"widget\" data-widget_type=\"wd_title.default\">\n\t\t\t\t<div class=\"elementor-widget-container\">\n\t\t\t\t\t\t\t<div class=\"title-wrapper wd-set-mb reset-last-child wd-title-color-default wd-title-style-default wd-title-size-large text-left\">\n\n\t\t\t\n\t\t\t<div class=\"liner-continer\">\n\t\t\t\t<h4 class=\"woodmart-title-container title wd-fontsize-xxl\">Conhe\u00e7a a Nest Ambientes<\/h4> \n\t\t\t\t\t\t\t<\/div>\n\n\t\t\t\t\t<\/div>\n\t\t\t\t\t\t<\/div>\n\t\t\t\t<\/div>\n\t\t\t\t<div class=\"elementor-element elementor-element-bd2c400 elementor-widget elementor-widget-wd_text_block\" data-id=\"bd2c400\" data-element_type=\"widget\" data-e-type=\"widget\" data-widget_type=\"wd_text_block.default\">\n\t\t\t\t<div class=\"elementor-widget-container\">\n\t\t\t\t\t\t\t<div class=\"wd-text-block reset-last-child text-left\">\n\t\t\t\n\t\t\t<p data-start=\"228\" data-end=\"422\">Na Nest, acreditamos que cada casa deve refletir quem vive nela. Por isso, unimos design, funcionalidade e qualidade para criar ambientes que tornam o dia a dia mais pr\u00e1tico, bonito e acolhedor.<\/p><p data-start=\"424\" data-end=\"655\">Seja por meio de projetos personalizados de m\u00f3veis planejados ou da sele\u00e7\u00e3o cuidadosa de produtos para casa e cozinha, nosso objetivo \u00e9 oferecer solu\u00e7\u00f5es que transformam espa\u00e7os em lugares onde as pessoas realmente gostam de estar.<\/p><p data-start=\"657\" data-end=\"776\">Na Nest, cada detalhe importa. Trabalhamos para que sua casa seja mais do que um espa\u00e7o \u2014 seja um lugar para viver bem.<\/p><blockquote><p data-start=\"458\" data-end=\"623\"><strong data-start=\"458\" data-end=\"623\">Criamos ambientes e selecionamos produtos que unem design, funcionalidade e qualidade para transformar sua casa em um espa\u00e7o mais bonito, organizado e acolhedor.<\/strong><\/p><p data-start=\"625\" data-end=\"658\">\u2014 <strong data-start=\"627\" data-end=\"658\">Priscila Arantes, Fundadora<\/strong><\/p><\/blockquote>\n\t\t\t\t\t<\/div>\n\t\t\t\t\t\t<\/div>\n\t\t\t\t<\/div>\n\t\t\t\t<\/div>\n\t\t<div class=\"elementor-element elementor-element-3659915 e-con-full e-flex e-con e-child\" data-id=\"3659915\" data-element_type=\"container\" data-e-type=\"container\">\n\t\t\t\t<div class=\"elementor-element elementor-element-25396d4 elementor-widget elementor-widget-wd_image_or_svg\" data-id=\"25396d4\" data-element_type=\"widget\" data-e-type=\"widget\" data-widget_type=\"wd_image_or_svg.default\">\n\t\t\t\t<div class=\"elementor-widget-container\">\n\t\t\t\t\t\n\t\t<div class=\"wd-image text-center\">\n\t\t\t\t\t\t\t\t<img loading=\"lazy\" decoding=\"async\" width=\"300\" height=\"500\" src=\"https:\/\/nestambientes.com.br\/wp-content\/uploads\/2026\/04\/Pris2-300x500.jpg\" class=\"attachment-300x500 size-300x500\" alt=\"\" \/>\t\t\t\t\t<\/div>\n\n\t\t\t\t\t\t<\/div>\n\t\t\t\t<\/div>\n\t\t\t\t<\/div>\n\t\t\t\t\t<\/div>\n\t\t\t\t<\/div>\n\t\t<div class=\"wd-negative-gap elementor-element elementor-element-7e2bb63 e-flex e-con-boxed e-con e-parent\" data-id=\"7e2bb63\" data-element_type=\"container\" data-e-type=\"container\">\n\t\t\t\t\t<div class=\"e-con-inner\">\n\t\t<div class=\"elementor-element elementor-element-52dbbb5 e-con-full e-flex e-con e-child\" data-id=\"52dbbb5\" data-element_type=\"container\" data-e-type=\"container\">\n\t\t\t\t<div class=\"elementor-element elementor-element-2b3bdf9 wd-width-100 elementor-widget elementor-widget-wd_title\" data-id=\"2b3bdf9\" data-element_type=\"widget\" data-e-type=\"widget\" data-widget_type=\"wd_title.default\">\n\t\t\t\t<div class=\"elementor-widget-container\">\n\t\t\t\t\t\t\t<div class=\"title-wrapper wd-set-mb reset-last-child wd-title-color-default wd-title-style-default wd-title-size-medium text-left\">\n\n\t\t\t\n\t\t\t<div class=\"liner-continer\">\n\t\t\t\t<h4 class=\"woodmart-title-container title wd-fontsize-xl\">Para Quem Criamos<\/h4> \n\t\t\t\t\t\t\t<\/div>\n\n\t\t\t\t\t<\/div>\n\t\t\t\t\t\t<\/div>\n\t\t\t\t<\/div>\n\t\t\t\t<div class=\"elementor-element elementor-element-b504e17 elementor-widget elementor-widget-wd_text_block\" data-id=\"b504e17\" data-element_type=\"widget\" data-e-type=\"widget\" data-widget_type=\"wd_text_block.default\">\n\t\t\t\t<div class=\"elementor-widget-container\">\n\t\t\t\t\t\t\t<div class=\"wd-text-block reset-last-child text-left\">\n\t\t\t\n\t\t\t<p data-start=\"228\" data-end=\"334\">Na Nest, trabalhamos com pessoas que valorizam qualidade, funcionalidade e beleza em cada detalhe da casa.<\/p><p data-start=\"336\" data-end=\"516\">Atendemos clientes que desejam transformar seus ambientes com projetos bem planejados e produtos de marcas premium que facilitam o dia a dia, trazendo mais organiza\u00e7\u00e3o, conforto e estilo para o lar.<\/p><p data-start=\"518\" data-end=\"722\">Seja na cria\u00e7\u00e3o de m\u00f3veis planejados ou na escolha de eletrodom\u00e9sticos, utens\u00edlios e solu\u00e7\u00f5es para cozinha e casa, nosso objetivo \u00e9 oferecer produtos e projetos que tornem os espa\u00e7os mais pr\u00e1ticos, elegantes e acolhedores.<\/p><p data-start=\"724\" data-end=\"840\">Acreditamos que um ambiente bem pensado melhora a rotina e torna a experi\u00eancia de viver em casa ainda mais especial.<\/p>\n\t\t\t\t\t<\/div>\n\t\t\t\t\t\t<\/div>\n\t\t\t\t<\/div>\n\t\t\t\t<\/div>\n\t\t<div class=\"elementor-element elementor-element-e6479af e-con-full e-flex e-con e-child\" data-id=\"e6479af\" data-element_type=\"container\" data-e-type=\"container\">\n\t\t\t\t<div class=\"elementor-element elementor-element-f9cfa35 wd-width-100 elementor-widget elementor-widget-wd_title\" data-id=\"f9cfa35\" data-element_type=\"widget\" data-e-type=\"widget\" data-widget_type=\"wd_title.default\">\n\t\t\t\t<div class=\"elementor-widget-container\">\n\t\t\t\t\t\t\t<div class=\"title-wrapper wd-set-mb reset-last-child wd-title-color-default wd-title-style-default wd-title-size-medium text-left\">\n\n\t\t\t\n\t\t\t<div class=\"liner-continer\">\n\t\t\t\t<h4 class=\"woodmart-title-container title wd-fontsize-xl\">O Que Fazemos<\/h4> \n\t\t\t\t\t\t\t<\/div>\n\n\t\t\t\t\t<\/div>\n\t\t\t\t\t\t<\/div>\n\t\t\t\t<\/div>\n\t\t\t\t<div class=\"elementor-element elementor-element-c0358fb elementor-widget elementor-widget-wd_text_block\" data-id=\"c0358fb\" data-element_type=\"widget\" data-e-type=\"widget\" data-widget_type=\"wd_text_block.default\">\n\t\t\t\t<div class=\"elementor-widget-container\">\n\t\t\t\t\t\t\t<div class=\"wd-text-block reset-last-child text-left\">\n\t\t\t\n\t\t\t<p data-start=\"216\" data-end=\"305\">Na Nest, criamos solu\u00e7\u00f5es que tornam os ambientes mais bonitos, funcionais e acolhedores.<\/p><p data-start=\"307\" data-end=\"481\">Por meio da <strong data-start=\"319\" data-end=\"341\">Nest House &amp; Decor<\/strong>, desenvolvemos projetos de m\u00f3veis planejados e ambientes personalizados, pensados para unir design, organiza\u00e7\u00e3o e praticidade no dia a dia.<\/p><p data-start=\"483\" data-end=\"659\">J\u00e1 na <strong data-start=\"489\" data-end=\"507\">Nest Ambientes<\/strong>, oferecemos uma sele\u00e7\u00e3o cuidadosa de produtos para casa e cozinha, incluindo linhas de alta qualidade que combinam durabilidade, efici\u00eancia e est\u00e9tica.<\/p><p data-start=\"661\" data-end=\"846\">Ao unir <strong data-start=\"669\" data-end=\"730\">projetos bem planejados e produtos escolhidos com aten\u00e7\u00e3o<\/strong>, a Nest oferece solu\u00e7\u00f5es completas para transformar casas em espa\u00e7os mais confort\u00e1veis, organizados e inspiradores.<\/p>\n\t\t\t\t\t<\/div>\n\t\t\t\t\t\t<\/div>\n\t\t\t\t<\/div>\n\t\t\t\t<div class=\"elementor-element elementor-element-6f7ac0a wd-width-100 elementor-widget elementor-widget-wd_title\" data-id=\"6f7ac0a\" data-element_type=\"widget\" data-e-type=\"widget\" data-widget_type=\"wd_title.default\">\n\t\t\t\t<div class=\"elementor-widget-container\">\n\t\t\t\t\t\t\t<div class=\"title-wrapper wd-set-mb reset-last-child wd-title-color-default wd-title-style-default wd-title-size-medium text-left\">\n\n\t\t\t\n\t\t\t<div class=\"liner-continer\">\n\t\t\t\t<h4 class=\"woodmart-title-container title wd-fontsize-xl\">Nossa Vis\u00e3o<\/h4> \n\t\t\t\t\t\t\t<\/div>\n\n\t\t\t\t\t<\/div>\n\t\t\t\t\t\t<\/div>\n\t\t\t\t<\/div>\n\t\t\t\t<div class=\"elementor-element elementor-element-82c3625 elementor-widget elementor-widget-wd_text_block\" data-id=\"82c3625\" data-element_type=\"widget\" data-e-type=\"widget\" data-widget_type=\"wd_text_block.default\">\n\t\t\t\t<div class=\"elementor-widget-container\">\n\t\t\t\t\t\t\t<div class=\"wd-text-block reset-last-child text-left\">\n\t\t\t\n\t\t\t<p data-start=\"153\" data-end=\"279\">Ser uma marca refer\u00eancia em solu\u00e7\u00f5es para o lar, reconhecida por transformar ambientes com design, funcionalidade e qualidade.<\/p><p data-start=\"281\" data-end=\"486\">Na Nest, acreditamos que a casa \u00e9 mais do que um espa\u00e7o f\u00edsico \u2014 \u00e9 o lugar onde a vida acontece. Por isso, buscamos oferecer projetos e produtos que tornem o dia a dia mais pr\u00e1tico, organizado e acolhedor.<\/p><p data-start=\"488\" data-end=\"636\">Nossa vis\u00e3o \u00e9 inspirar pessoas a viverem melhor em seus ambientes, criando espa\u00e7os que reflitam conforto, personalidade e bem-estar em cada detalhe.<\/p>\n\t\t\t\t\t<\/div>\n\t\t\t\t\t\t<\/div>\n\t\t\t\t<\/div>\n\t\t\t\t<\/div>\n\t\t\t\t\t<\/div>\n\t\t\t\t<\/div>\n\t\t<div class=\"wd-negative-gap elementor-element elementor-element-5566bb5 e-flex e-con-boxed e-con e-parent\" data-id=\"5566bb5\" data-element_type=\"container\" data-e-type=\"container\">\n\t\t\t\t\t<div class=\"e-con-inner\">\n\t\t\t\t<div class=\"elementor-element elementor-element-c8b38af elementor-widget elementor-widget-spacer\" data-id=\"c8b38af\" data-element_type=\"widget\" data-e-type=\"widget\" data-widget_type=\"spacer.default\">\n\t\t\t\t\t\t\t<div class=\"elementor-spacer\">\n\t\t\t<div class=\"elementor-spacer-inner\"><\/div>\n\t\t<\/div>\n\t\t\t\t\t\t<\/div>\n\t\t\t\t\t<\/div>\n\t\t\t\t<\/div>\n\t\t\t\t<\/div>\n\t\t","protected":false},"excerpt":{"rendered":"<p>Conhe\u00e7a a Nest Ambientes Na Nest, acreditamos que cada casa deve refletir quem vive nela. Por isso, unimos design, funcionalidade<\/p>\n","protected":false},"author":1,"featured_media":0,"parent":0,"menu_order":0,"comment_status":"closed","ping_status":"closed","template":"elementor_header_footer","meta":{"footnotes":""},"class_list":["post-275","page","type-page","status-publish","hentry"],"_hostinger_reach_plugin_has_subscription_block":false,"_hostinger_reach_plugin_is_elementor":false,"_links":{"self":[{"href":"https:\/\/nestambientes.com.br\/index.php?rest_route=\/wp\/v2\/pages\/275","targetHints":{"allow":["GET"]}}],"collection":[{"href":"https:\/\/nestambientes.com.br\/index.php?rest_route=\/wp\/v2\/pages"}],"about":[{"href":"https:\/\/nestambientes.com.br\/index.php?rest_route=\/wp\/v2\/types\/page"}],"author":[{"embeddable":true,"href":"https:\/\/nestambientes.com.br\/index.php?rest_route=\/wp\/v2\/users\/1"}],"replies":[{"embeddable":true,"href":"https:\/\/nestambientes.com.br\/index.php?rest_route=%2Fwp%2Fv2%2Fcomments&post=275"}],"version-history":[{"count":14,"href":"https:\/\/nestambientes.com.br\/index.php?rest_route=\/wp\/v2\/pages\/275\/revisions"}],"predecessor-version":[{"id":29601,"href":"https:\/\/nestambientes.com.br\/index.php?rest_route=\/wp\/v2\/pages\/275\/revisions\/29601"}],"wp:attachment":[{"href":"https:\/\/nestambientes.com.br\/index.php?rest_route=%2Fwp%2Fv2%2Fmedia&parent=275"}],"curies":[{"name":"wp","href":"https:\/\/api.w.org\/{rel}","templated":true}]}}